{"id":7,"date":"2024-04-15T21:52:16","date_gmt":"2024-04-15T19:52:16","guid":{"rendered":"https:\/\/ginko.nrw\/?page_id=7"},"modified":"2024-04-17T22:42:32","modified_gmt":"2024-04-17T20:42:32","slug":"impressum","status":"publish","type":"page","link":"https:\/\/ginko.nrw\/?page_id=7","title":{"rendered":"Impressum"},"content":{"rendered":"\n<p><\/p>\n\n\n\n<p>GInKo NRW<br>c\/o David Fuchs<br>Bergisch Gladbacher Str. 141<br>51065 K\u00f6ln<\/p>\n\n\n\n<p>vorstand[\u00e4]ginko.nrw<\/p>\n\n\n\n<p>Bei technischen Problemen:<br>webmaster[\u00e4]ginko.nrw<\/p>\n","protected":false},"excerpt":{"rendered":"<p>GInKo NRWc\/o David FuchsBergisch Gladbacher Str. 14151065 K\u00f6ln vorstand[\u00e4]ginko.nrw Bei technischen Problemen:webmaster[\u00e4]ginko.nrw<\/p>\n","protected":false},"author":2,"featured_media":0,"parent":0,"menu_order":0,"comment_status":"closed","ping_status":"closed","template":"","meta":{"footnotes":""},"_links":{"self":[{"href":"https:\/\/ginko.nrw\/index.php?rest_route=\/wp\/v2\/pages\/7"}],"collection":[{"href":"https:\/\/ginko.nrw\/index.php?rest_route=\/wp\/v2\/pages"}],"about":[{"href":"https:\/\/ginko.nrw\/index.php?rest_route=\/wp\/v2\/types\/page"}],"author":[{"embeddable":true,"href":"https:\/\/ginko.nrw\/index.php?rest_route=\/wp\/v2\/users\/2"}],"replies":[{"embeddable":true,"href":"https:\/\/ginko.nrw\/index.php?rest_route=%2Fwp%2Fv2%2Fcomments&post=7"}],"version-history":[{"count":3,"href":"https:\/\/ginko.nrw\/index.php?rest_route=\/wp\/v2\/pages\/7\/revisions"}],"predecessor-version":[{"id":47,"href":"https:\/\/ginko.nrw\/index.php?rest_route=\/wp\/v2\/pages\/7\/revisions\/47"}],"wp:attachment":[{"href":"https:\/\/ginko.nrw\/index.php?rest_route=%2Fwp%2Fv2%2Fmedia&parent=7"}],"curies":[{"name":"wp","href":"https:\/\/api.w.org\/{rel}","templated":true}]}}